{"id":2828,"date":"2021-10-01T12:57:02","date_gmt":"2021-10-01T10:57:02","guid":{"rendered":"https:\/\/stensjonsmissionsforsamling.se\/?page_id=2828"},"modified":"2025-11-24T09:12:51","modified_gmt":"2025-11-24T08:12:51","slug":"stensjon-bladet","status":"publish","type":"page","link":"https:\/\/stensjonsmissionsforsamling.se\/?page_id=2828","title":{"rendered":"Stensj\u00f6nbladet"},"content":{"rendered":"\n<p class=\"has-medium-font-size\">Ladda ner och l\u00e4s Stensj\u00f6nbladet genom att klicka p\u00e5 l\u00e4nken nedan:<\/p>\n\n\n\n<p><a href=\"https:\/\/stensjonsmissionsforsamling.se\/wp-content\/uploads\/2025\/11\/20251123-Stensjonbladet.pdf\" data-type=\"attachment\" data-id=\"3770\">2025 Vinternummer (dec-25-apr-26)<\/a><\/p>\n\n\n\n<p><a href=\"https:\/\/stensjonsmissionsforsamling.se\/wp-content\/uploads\/2025\/08\/20250820-Stensjonbladet.pdf\" data-type=\"attachment\" data-id=\"3711\">2025 H\u00f6stnummer (sept-Dec)<\/a><\/p>\n\n\n\n<p><a href=\"https:\/\/stensjonsmissionsforsamling.se\/wp-content\/uploads\/2025\/05\/20250424-Stensjonbladet.pdf\" data-type=\"attachment\" data-id=\"3663\">2025 V\u00e5r- och sommarnummer (Maj-Aug)<\/a><\/p>\n\n\n\n<p><a href=\"https:\/\/stensjonsmissionsforsamling.se\/wp-content\/uploads\/2024\/11\/20241125-Stensjonbladet.pdf\" data-type=\"attachment\" data-id=\"3537\">2024 Vinternummer (dec-24-apr-25)<\/a><\/p>\n\n\n\n<p><a href=\"https:\/\/stensjonsmissionsforsamling.se\/wp-content\/uploads\/2024\/09\/20240825-Stensjonbladet.pdf\" data-type=\"attachment\" data-id=\"3492\">2024 H\u00f6stnummer (Sept-Dec)<\/a><\/p>\n\n\n\n<p><a href=\"https:\/\/stensjonsmissionsforsamling.se\/wp-content\/uploads\/2024\/04\/20240414-Stensjonbladet.pdf\" data-type=\"attachment\" data-id=\"3427\">2024 V\u00e5r- och sommarnummer (Maj-Aug)<\/a><\/p>\n\n\n\n<p><a href=\"https:\/\/stensjonsmissionsforsamling.se\/wp-content\/uploads\/2023\/12\/20231212-Stensjonbladet.pdf\" data-type=\"attachment\" data-id=\"3357\">2023 Vinternummer (dec-23-apr-24)<\/a><\/p>\n\n\n\n<p><a href=\"https:\/\/stensjonsmissionsforsamling.se\/wp-content\/uploads\/2023\/09\/20230904-Stensjonbladet.pdf\" data-type=\"attachment\" data-id=\"3288\">2023 H\u00f6stnummer (Sept-Dec)<\/a><\/p>\n\n\n\n<p><a href=\"https:\/\/stensjonsmissionsforsamling.se\/wp-content\/uploads\/2023\/04\/20230421-Stensjonbladet.pdf\" data-type=\"attachment\" data-id=\"3199\">2023 V\u00e5rnummer (Maj-Aug)<\/a><\/p>\n\n\n\n<p class=\"has-blue-color has-text-color has-small-font-size\"><a href=\"https:\/\/stensjonsmissionsforsamling.se\/wp-content\/uploads\/2022\/11\/20221122-Stensjonbladet.pdf\">2022 Vinternummer (dec-22-apr-23<\/a>)<\/p>\n\n\n\n<p><a href=\"https:\/\/stensjonsmissionsforsamling.se\/wp-content\/uploads\/2022\/09\/20220901-Stensjonbladet.pdf\">2022 H\u00f6stnummer (Sep-Dec)<\/a><\/p>\n\n\n\n<p class=\"has-blue-color has-text-color has-small-font-size\"><a href=\"https:\/\/stensjonsmissionsforsamling.se\/wp-content\/uploads\/2022\/04\/20220424-Stensjonbladet.pdf\">2022 V\u00e5r- och sommarnummer (Maj-Aug)<\/a><\/p>\n\n\n\n<p class=\"has-small-font-size\"><a href=\"https:\/\/stensjonsmissionsforsamling.se\/wp-content\/uploads\/2021\/12\/20211124-Stensjonbladet-1.pdf\">2021 Vinternummer (dec-21-apr-22)<\/a><\/p>\n\n\n\n<p class=\"has-small-font-size\"><a href=\"https:\/\/stensjonsmissionsforsamling.se\/wp-content\/uploads\/2021\/10\/20210904-Stensjonbladet.pdf\">2021 H\u00f6stnummer (Sept-Dec)<\/a><\/p>\n\n\n\n<p class=\"has-blue-color has-text-color has-small-font-size\"><a href=\"https:\/\/stensjonsmissionsforsamling.se\/wp-content\/uploads\/2021\/10\/20210420-Stensjonbladet-Var-Sommarnummer.pdf\">2021 V\u00e5r- och sommarnummer (April-Aug)<\/a><\/p>\n\n\n\n<p><\/p>\n","protected":false},"excerpt":{"rendered":"<p>Ladda ner och l\u00e4s Stensj\u00f6nbladet genom att klicka p\u00e5 l\u00e4nken nedan: 2025 Vinternummer (dec-25-apr-26) 2025 H\u00f6stnummer (sept-Dec) 2025 V\u00e5r- och sommarnummer (Maj-Aug) 2024 Vinternummer (dec-24-apr-25) 2024 H\u00f6stnummer (Sept-Dec) 2024 V\u00e5r- och sommarnummer (Maj-Aug) 2023 Vinternummer (dec-23-apr-24) 2023 H\u00f6stnummer (Sept-Dec) 2023 V\u00e5rnummer (Maj-Aug) 2022 Vinternummer (dec-22-apr-23) 2022 H\u00f6stnummer (Sep-Dec) 2022 V\u00e5r- och sommarnummer (Maj-Aug) 2021 Vinternummer [&hellip;]<\/p>\n","protected":false},"author":4,"featured_media":0,"parent":0,"menu_order":0,"comment_status":"closed","ping_status":"closed","template":"","meta":{"footnotes":""},"class_list":["post-2828","page","type-page","status-publish","hentry"],"_links":{"self":[{"href":"https:\/\/stensjonsmissionsforsamling.se\/index.php?rest_route=\/wp\/v2\/pages\/2828","targetHints":{"allow":["GET"]}}],"collection":[{"href":"https:\/\/stensjonsmissionsforsamling.se\/index.php?rest_route=\/wp\/v2\/pages"}],"about":[{"href":"https:\/\/stensjonsmissionsforsamling.se\/index.php?rest_route=\/wp\/v2\/types\/page"}],"author":[{"embeddable":true,"href":"https:\/\/stensjonsmissionsforsamling.se\/index.php?rest_route=\/wp\/v2\/users\/4"}],"replies":[{"embeddable":true,"href":"https:\/\/stensjonsmissionsforsamling.se\/index.php?rest_route=%2Fwp%2Fv2%2Fcomments&post=2828"}],"version-history":[{"count":70,"href":"https:\/\/stensjonsmissionsforsamling.se\/index.php?rest_route=\/wp\/v2\/pages\/2828\/revisions"}],"predecessor-version":[{"id":3777,"href":"https:\/\/stensjonsmissionsforsamling.se\/index.php?rest_route=\/wp\/v2\/pages\/2828\/revisions\/3777"}],"wp:attachment":[{"href":"https:\/\/stensjonsmissionsforsamling.se\/index.php?rest_route=%2Fwp%2Fv2%2Fmedia&parent=2828"}],"curies":[{"name":"wp","href":"https:\/\/api.w.org\/{rel}","templated":true}]}}